{"id":896,"date":"2021-04-10T03:52:52","date_gmt":"2021-04-10T03:52:52","guid":{"rendered":"http:\/\/gennhaus.com\/?page_id=896"},"modified":"2024-09-08T00:02:29","modified_gmt":"2024-09-07T21:02:29","slug":"home","status":"publish","type":"page","link":"https:\/\/gennhaus.com\/?page_id=896","title":{"rendered":"Hakk\u0131m\u0131zda"},"content":{"rendered":"\n<div class=\"wp-block-cover alignfull\" style=\"min-height:750px;aspect-ratio:unset;\"><span aria-hidden=\"true\" class=\"wp-block-cover__background has-ast-global-color-8-background-color has-background-dim-100 has-background-dim\"><\/span><div class=\"wp-block-cover__inner-container is-layout-flow wp-block-cover-is-layout-flow\">\n<div class=\"wp-block-media-text alignwide has-media-on-the-right is-stacked-on-mobile is-vertically-aligned-center\" style=\"grid-template-columns:auto 34%\"><div class=\"wp-block-media-text__content\">\n<div class=\"inherit-container-width wp-block-group is-layout-constrained wp-block-group-is-layout-constrained\"><div class=\"wp-block-group__inner-container\">\n<h6 class=\"wp-block-heading has-ast-global-color-0-color has-text-color\">G\u00fczel Ya\u015fam Alanlar\u0131<\/h6>\n\n\n\n<h1 class=\"wp-block-heading has-ast-global-color-2-color has-text-color\">Uzman Ev Geli\u015ftirme Tedari\u011fi<\/h1>\n\n\n\n<p class=\"has-ast-global-color-3-color has-text-color\">Gennhaus markas\u0131, d\u00fcnyaya daha iyi ya\u015fam alanlar\u0131 sunmak i\u00e7in yola \u00e7\u0131km\u0131\u015f ve bu imkanlar\u0131 sunarken y\u00fcksek kaliteyi eri\u015filebilir \u015fartlarla sunmay\u0131 hedeflemi\u015ftir.<\/p>\n\n\n\n<div class=\"wp-block-buttons is-layout-flex wp-block-buttons-is-layout-flex\"><\/div>\n\n\n\n<div style=\"height:20px\" aria-hidden=\"true\" class=\"wp-block-spacer\"><\/div>\n\n\n\n<figure class=\"wp-block-gallery has-nested-images columns-default wp-block-gallery-1 is-layout-flex wp-block-gallery-is-layout-flex\"><\/figure>\n<\/div><\/div>\n<\/div><figure class=\"wp-block-media-text__media\"><img loading=\"lazy\" decoding=\"async\" width=\"640\" height=\"960\" src=\"https:\/\/gennhaus.com\/wp-content\/uploads\/2022\/07\/sonnie-hiles-L0BaowhFe4c-unsplash.jpg\" alt=\"\" class=\"wp-image-1163 size-full\" srcset=\"https:\/\/gennhaus.com\/wp-content\/uploads\/2022\/07\/sonnie-hiles-L0BaowhFe4c-unsplash.jpg 640w, https:\/\/gennhaus.com\/wp-content\/uploads\/2022\/07\/sonnie-hiles-L0BaowhFe4c-unsplash-600x900.jpg 600w, https:\/\/gennhaus.com\/wp-content\/uploads\/2022\/07\/sonnie-hiles-L0BaowhFe4c-unsplash-200x300.jpg 200w\" sizes=\"auto, (max-width: 640px) 100vw, 640px\" \/><\/figure><\/div>\n<\/div><\/div>\n\n\n\n<div class=\"inherit-container-width wp-block-group alignfull has-ast-global-color-5-background-color has-background is-layout-constrained wp-block-group-is-layout-constrained\"><div class=\"wp-block-group__inner-container\">\n<div class=\"wp-block-media-text is-stacked-on-mobile is-vertically-aligned-center\" style=\"grid-template-columns:51% auto\"><figure class=\"wp-block-media-text__media\"><img loading=\"lazy\" decoding=\"async\" width=\"640\" height=\"427\" src=\"https:\/\/gennhaus.com\/wp-content\/uploads\/2022\/07\/kenny-eliason-mGZX2MOPR-s-unsplash.jpg\" alt=\"\" class=\"wp-image-1162 size-full\" srcset=\"https:\/\/gennhaus.com\/wp-content\/uploads\/2022\/07\/kenny-eliason-mGZX2MOPR-s-unsplash.jpg 640w, https:\/\/gennhaus.com\/wp-content\/uploads\/2022\/07\/kenny-eliason-mGZX2MOPR-s-unsplash-600x400.jpg 600w, https:\/\/gennhaus.com\/wp-content\/uploads\/2022\/07\/kenny-eliason-mGZX2MOPR-s-unsplash-300x200.jpg 300w\" sizes=\"auto, (max-width: 640px) 100vw, 640px\" \/><\/figure><div class=\"wp-block-media-text__content\">\n<div class=\"inherit-container-width wp-block-group is-layout-constrained wp-block-group-is-layout-constrained\"><div class=\"wp-block-group__inner-container\">\n<h6 class=\"wp-block-heading has-ast-global-color-0-color has-text-color\"><\/h6>\n\n\n\n<h2 class=\"wp-block-heading\">Projeler<\/h2>\n\n\n\n<p>Gennhaus proje bazl\u0131 i\u015fleriniz i\u00e7in uzman kadrosuyla, profesyonel tedarik dan\u0131\u015fmanl\u0131\u011f\u0131 sa\u011flamaktad\u0131r.<br>Ticari ve konut i\u00e7in yeni projeler, renovasyon ve yenileme i\u015flerinde mimar ve proje sahiplerine y\u00fcksek fayda ve memnuniyet sunmaktad\u0131r.<\/p>\n\n\n\n<h2 class=\"wp-block-heading\">Cafe Restaurant Mobilyas\u0131<\/h2>\n\n\n\n<p>D\u0131\u015f mekan cafe restaurant mobilyas\u0131, tasar\u0131m\u0131n yan\u0131 s\u0131ra y\u00fcksek kalite, mukavemet ve s\u0131k kullan\u0131ma dayan\u0131m gerektirir. Gennhaus \u00e7\u00f6z\u00fcmlerinde uzun kullan\u0131m \u00f6mr\u00fc, y\u00fcksek malzeme kalitesi ve kullan\u0131\u015fl\u0131 se\u00e7enekler sunar.<\/p>\n\n\n\n<div class=\"wp-block-buttons is-layout-flex wp-block-buttons-is-layout-flex\"><\/div>\n\n\n\n<div style=\"height:30px\" aria-hidden=\"true\" class=\"wp-block-spacer\"><\/div>\n\n\n\n<div class=\"wp-block-columns is-layout-flex wp-container-core-columns-is-layout-28f84493 wp-block-columns-is-layout-flex\">\n<div class=\"wp-block-column is-layout-flow wp-block-column-is-layout-flow\">\n<h2 class=\"wp-block-heading has-text-align-center has-ast-global-color-0-color has-text-color\"><\/h2>\n<\/div>\n\n\n\n<div class=\"wp-block-column is-layout-flow wp-block-column-is-layout-flow\">\n<h2 class=\"wp-block-heading has-text-align-center has-ast-global-color-0-color has-text-color\"><\/h2>\n\n\n\n<p class=\"has-text-align-center\"><\/p>\n<\/div>\n<\/div>\n<\/div><\/div>\n<\/div><\/div>\n<\/div><\/div>\n\n\n\n<p><\/p>\n","protected":false},"excerpt":{"rendered":"<p>Projeler Gennhaus proje bazl\u0131 i\u015fleriniz i\u00e7in uzman kadrosuyla, profesyonel tedarik dan\u0131\u015fmanl\u0131\u011f\u0131 sa\u011flamaktad\u0131r.Ticari ve konut i\u00e7in yeni projeler, renovasyon ve yenileme i\u015flerinde mimar ve proje sahiplerine y\u00fcksek fayda ve memnuniyet sunmaktad\u0131r. Cafe Restaurant Mobilyas\u0131 D\u0131\u015f mekan cafe restaurant mobilyas\u0131, tasar\u0131m\u0131n yan\u0131 s\u0131ra y\u00fcksek kalite, mukavemet ve s\u0131k kullan\u0131ma dayan\u0131m gerektirir. Gennhaus \u00e7\u00f6z\u00fcmlerinde uzun kullan\u0131m \u00f6mr\u00fc, y\u00fcksek [&hellip;]<\/p>\n","protected":false},"author":1,"featured_media":0,"parent":0,"menu_order":0,"comment_status":"closed","ping_status":"closed","template":"","meta":{"om_disable_all_campaigns":false,"_uag_custom_page_level_css":"","_monsterinsights_skip_tracking":false,"_monsterinsights_sitenote_active":false,"_monsterinsights_sitenote_note":"","_monsterinsights_sitenote_category":0,"site-sidebar-layout":"no-sidebar","site-content-layout":"plain-container","ast-site-content-layout":"normal-width-container","site-content-style":"unboxed","site-sidebar-style":"unboxed","ast-global-header-display":"","ast-banner-title-visibility":"","ast-main-header-display":"","ast-hfb-above-header-display":"","ast-hfb-below-header-display":"","ast-hfb-mobile-header-display":"","site-post-title":"disabled","ast-breadcrumbs-content":"disabled","ast-featured-img":"disabled","footer-sml-layout":"","ast-disable-related-posts":"","theme-transparent-header-meta":"disabled","adv-header-id-meta":"","stick-header-meta":"","header-above-stick-meta":"","header-main-stick-meta":"","header-below-stick-meta":"","astra-migrate-meta-layouts":"set","ast-page-background-enabled":"default","ast-page-background-meta":{"desktop":{"background-color":"var(--ast-global-color-4)","background-image":"","background-repeat":"repeat","background-position":"center center","background-size":"auto","background-attachment":"scroll","background-type":"","background-media":"","overlay-type":"","overlay-color":"","overlay-opacity":"","overlay-gradient":""},"tablet":{"background-color":"","background-image":"","background-repeat":"repeat","background-position":"center center","background-size":"auto","background-attachment":"scroll","background-type":"","background-media":"","overlay-type":"","overlay-color":"","overlay-opacity":"","overlay-gradient":""},"mobile":{"background-color":"","background-image":"","background-repeat":"repeat","background-position":"center center","background-size":"auto","background-attachment":"scroll","background-type":"","background-media":"","overlay-type":"","overlay-color":"","overlay-opacity":"","overlay-gradient":""}},"ast-content-background-meta":{"desktop":{"background-color":"var(--ast-global-color-5)","background-image":"","background-repeat":"repeat","background-position":"center center","background-size":"auto","background-attachment":"scroll","background-type":"","background-media":"","overlay-type":"","overlay-color":"","overlay-opacity":"","overlay-gradient":""},"tablet":{"background-color":"var(--ast-global-color-5)","background-image":"","background-repeat":"repeat","background-position":"center center","background-size":"auto","background-attachment":"scroll","background-type":"","background-media":"","overlay-type":"","overlay-color":"","overlay-opacity":"","overlay-gradient":""},"mobile":{"background-color":"var(--ast-global-color-5)","background-image":"","background-repeat":"repeat","background-position":"center center","background-size":"auto","background-attachment":"scroll","background-type":"","background-media":"","overlay-type":"","overlay-color":"","overlay-opacity":"","overlay-gradient":""}},"footnotes":""},"class_list":["post-896","page","type-page","status-publish","hentry"],"aioseo_notices":[],"uagb_featured_image_src":{"full":false,"thumbnail":false,"medium":false,"medium_large":false,"large":false,"1536x1536":false,"2048x2048":false,"woocommerce_thumbnail":false,"woocommerce_single":false,"woocommerce_gallery_thumbnail":false},"uagb_author_info":{"display_name":"onurgm@gmail.com","author_link":"https:\/\/gennhaus.com\/?author=1"},"uagb_comment_info":0,"uagb_excerpt":"Projeler Gennhaus proje bazl\u0131 i\u015fleriniz i\u00e7in uzman kadrosuyla, profesyonel tedarik dan\u0131\u015fmanl\u0131\u011f\u0131 sa\u011flamaktad\u0131r.Ticari ve konut i\u00e7in yeni projeler, renovasyon ve yenileme i\u015flerinde mimar ve proje sahiplerine y\u00fcksek fayda ve memnuniyet sunmaktad\u0131r. Cafe Restaurant Mobilyas\u0131 D\u0131\u015f mekan cafe restaurant mobilyas\u0131, tasar\u0131m\u0131n yan\u0131 s\u0131ra y\u00fcksek kalite, mukavemet ve s\u0131k kullan\u0131ma dayan\u0131m gerektirir. Gennhaus \u00e7\u00f6z\u00fcmlerinde uzun kullan\u0131m \u00f6mr\u00fc, y\u00fcksek&hellip;","_links":{"self":[{"href":"https:\/\/gennhaus.com\/index.php?rest_route=\/wp\/v2\/pages\/896","targetHints":{"allow":["GET"]}}],"collection":[{"href":"https:\/\/gennhaus.com\/index.php?rest_route=\/wp\/v2\/pages"}],"about":[{"href":"https:\/\/gennhaus.com\/index.php?rest_route=\/wp\/v2\/types\/page"}],"author":[{"embeddable":true,"href":"https:\/\/gennhaus.com\/index.php?rest_route=\/wp\/v2\/users\/1"}],"replies":[{"embeddable":true,"href":"https:\/\/gennhaus.com\/index.php?rest_route=%2Fwp%2Fv2%2Fcomments&post=896"}],"version-history":[{"count":5,"href":"https:\/\/gennhaus.com\/index.php?rest_route=\/wp\/v2\/pages\/896\/revisions"}],"predecessor-version":[{"id":1528,"href":"https:\/\/gennhaus.com\/index.php?rest_route=\/wp\/v2\/pages\/896\/revisions\/1528"}],"wp:attachment":[{"href":"https:\/\/gennhaus.com\/index.php?rest_route=%2Fwp%2Fv2%2Fmedia&parent=896"}],"curies":[{"name":"wp","href":"https:\/\/api.w.org\/{rel}","templated":true}]}}