{"id":1302,"date":"2023-12-17T22:16:12","date_gmt":"2023-12-17T19:16:12","guid":{"rendered":"https:\/\/gennhaus.com\/?post_type=product&#038;p=1302"},"modified":"2026-03-08T10:26:35","modified_gmt":"2026-03-08T07:26:35","slug":"granada-aluminyum-dokum-oturma-grubu-4-sandalye-1-masa","status":"publish","type":"product","link":"https:\/\/gennhaus.com\/?product=granada-aluminyum-dokum-oturma-grubu-4-sandalye-1-masa","title":{"rendered":"Granada Al\u00fcminyum D\u00f6k\u00fcm Oturma Grubu 4 Sandalye 1 Masa"},"content":{"rendered":"","protected":false},"excerpt":{"rendered":"<p>Granada 4 Sandalye ve 1 Masa Oturma Grubu, zamans\u0131z tasar\u0131m, y\u00fcksek konfor ve uzun \u00f6m\u00fcrl\u00fc kullan\u0131m sunar.<\/p>\n","protected":false},"featured_media":1303,"comment_status":"open","ping_status":"closed","template":"","meta":{"om_disable_all_campaigns":false,"_uag_custom_page_level_css":"","_monsterinsights_skip_tracking":false,"_monsterinsights_sitenote_active":false,"_monsterinsights_sitenote_note":"","_monsterinsights_sitenote_category":0,"site-sidebar-layout":"default","site-content-layout":"default","ast-site-content-layout":"default","site-content-style":"default","site-sidebar-style":"default","ast-global-header-display":"","ast-banner-title-visibility":"","ast-main-header-display":"","ast-hfb-above-header-display":"","ast-hfb-below-header-display":"","ast-hfb-mobile-header-display":"","site-post-title":"","ast-breadcrumbs-content":"","ast-featured-img":"","footer-sml-layout":"","ast-disable-related-posts":"","theme-transparent-header-meta":"default","adv-header-id-meta":"","stick-header-meta":"","header-above-stick-meta":"","header-main-stick-meta":"","header-below-stick-meta":"","astra-migrate-meta-layouts":"set","ast-page-background-enabled":"default","ast-page-background-meta":{"desktop":{"background-color":"var(--ast-global-color-4)","background-image":"","background-repeat":"repeat","background-position":"center center","background-size":"auto","background-attachment":"scroll","background-type":"","background-media":"","overlay-type":"","overlay-color":"","overlay-opacity":"","overlay-gradient":""},"tablet":{"background-color":"","background-image":"","background-repeat":"repeat","background-position":"center center","background-size":"auto","background-attachment":"scroll","background-type":"","background-media":"","overlay-type":"","overlay-color":"","overlay-opacity":"","overlay-gradient":""},"mobile":{"background-color":"","background-image":"","background-repeat":"repeat","background-position":"center center","background-size":"auto","background-attachment":"scroll","background-type":"","background-media":"","overlay-type":"","overlay-color":"","overlay-opacity":"","overlay-gradient":""}},"ast-content-background-meta":{"desktop":{"background-color":"var(--ast-global-color-5)","background-image":"","background-repeat":"repeat","background-position":"center center","background-size":"auto","background-attachment":"scroll","background-type":"","background-media":"","overlay-type":"","overlay-color":"","overlay-opacity":"","overlay-gradient":""},"tablet":{"background-color":"var(--ast-global-color-5)","background-image":"","background-repeat":"repeat","background-position":"center center","background-size":"auto","background-attachment":"scroll","background-type":"","background-media":"","overlay-type":"","overlay-color":"","overlay-opacity":"","overlay-gradient":""},"mobile":{"background-color":"var(--ast-global-color-5)","background-image":"","background-repeat":"repeat","background-position":"center center","background-size":"auto","background-attachment":"scroll","background-type":"","background-media":"","overlay-type":"","overlay-color":"","overlay-opacity":"","overlay-gradient":""}}},"product_brand":[],"product_cat":[35],"product_tag":[26,23,24,31,27,43,28,29,30,25],"class_list":{"0":"post-1302","1":"product","2":"type-product","3":"status-publish","4":"has-post-thumbnail","6":"product_cat-masa-takim","7":"product_tag-aluminyum","8":"product_tag-bahce","9":"product_tag-balkon","10":"product_tag-bistro","11":"product_tag-dokum","12":"product_tag-firsat","13":"product_tag-masa","14":"product_tag-sandalye","15":"product_tag-takim","16":"product_tag-teras","17":"desktop-align-left","18":"tablet-align-left","19":"mobile-align-left","21":"first","22":"instock","23":"sale","24":"taxable","25":"shipping-taxable","26":"purchasable","27":"product-type-simple"},"aioseo_notices":[],"uagb_featured_image_src":{"full":["https:\/\/gennhaus.com\/wp-content\/uploads\/2023\/12\/amazon_4lu_granada.png",1080,1080,false],"thumbnail":["https:\/\/gennhaus.com\/wp-content\/uploads\/2023\/12\/amazon_4lu_granada-150x150.png",150,150,true],"medium":["https:\/\/gennhaus.com\/wp-content\/uploads\/2023\/12\/amazon_4lu_granada-300x300.png",300,300,true],"medium_large":["https:\/\/gennhaus.com\/wp-content\/uploads\/2023\/12\/amazon_4lu_granada-768x768.png",768,768,true],"large":["https:\/\/gennhaus.com\/wp-content\/uploads\/2023\/12\/amazon_4lu_granada-1024x1024.png",1024,1024,true],"1536x1536":["https:\/\/gennhaus.com\/wp-content\/uploads\/2023\/12\/amazon_4lu_granada.png",1080,1080,false],"2048x2048":["https:\/\/gennhaus.com\/wp-content\/uploads\/2023\/12\/amazon_4lu_granada.png",1080,1080,false],"woocommerce_thumbnail":["https:\/\/gennhaus.com\/wp-content\/uploads\/2023\/12\/amazon_4lu_granada-300x300.png",300,300,true],"woocommerce_single":["https:\/\/gennhaus.com\/wp-content\/uploads\/2023\/12\/amazon_4lu_granada-600x600.png",600,600,true],"woocommerce_gallery_thumbnail":["https:\/\/gennhaus.com\/wp-content\/uploads\/2023\/12\/amazon_4lu_granada-100x100.png",100,100,true]},"uagb_author_info":{"display_name":"onurgm@gmail.com","author_link":"https:\/\/gennhaus.com\/?author=0"},"uagb_comment_info":0,"uagb_excerpt":"Granada 4 Sandalye ve 1 Masa Oturma Grubu, zamans\u0131z tasar\u0131m, y\u00fcksek konfor ve uzun \u00f6m\u00fcrl\u00fc kullan\u0131m sunar.","_links":{"self":[{"href":"https:\/\/gennhaus.com\/index.php?rest_route=\/wp\/v2\/product\/1302","targetHints":{"allow":["GET"]}}],"collection":[{"href":"https:\/\/gennhaus.com\/index.php?rest_route=\/wp\/v2\/product"}],"about":[{"href":"https:\/\/gennhaus.com\/index.php?rest_route=\/wp\/v2\/types\/product"}],"replies":[{"embeddable":true,"href":"https:\/\/gennhaus.com\/index.php?rest_route=%2Fwp%2Fv2%2Fcomments&post=1302"}],"wp:featuredmedia":[{"embeddable":true,"href":"https:\/\/gennhaus.com\/index.php?rest_route=\/wp\/v2\/media\/1303"}],"wp:attachment":[{"href":"https:\/\/gennhaus.com\/index.php?rest_route=%2Fwp%2Fv2%2Fmedia&parent=1302"}],"wp:term":[{"taxonomy":"product_brand","embeddable":true,"href":"https:\/\/gennhaus.com\/index.php?rest_route=%2Fwp%2Fv2%2Fproduct_brand&post=1302"},{"taxonomy":"product_cat","embeddable":true,"href":"https:\/\/gennhaus.com\/index.php?rest_route=%2Fwp%2Fv2%2Fproduct_cat&post=1302"},{"taxonomy":"product_tag","embeddable":true,"href":"https:\/\/gennhaus.com\/index.php?rest_route=%2Fwp%2Fv2%2Fproduct_tag&post=1302"}],"curies":[{"name":"wp","href":"https:\/\/api.w.org\/{rel}","templated":true}]}}