{"id":1362,"date":"2024-01-03T21:38:06","date_gmt":"2024-01-03T18:38:06","guid":{"rendered":"https:\/\/gennhaus.com\/?post_type=product&#038;p=1362"},"modified":"2026-02-28T20:07:05","modified_gmt":"2026-02-28T17:07:05","slug":"koda-aluminyum-dokum-oturma-grubu","status":"publish","type":"product","link":"https:\/\/gennhaus.com\/?product=koda-aluminyum-dokum-oturma-grubu","title":{"rendered":"Koda Al\u00fcminyum D\u00f6k\u00fcm Oturma Grubu"},"content":{"rendered":"<p>\u00dcst s\u0131n\u0131f tasar\u0131ma ve yap\u0131ya sahip Koda Oturma Grubu, ya\u015fam alan\u0131n\u0131za nezih bir etki b\u0131rakacak<\/p>\n<p>Ebatlar:<br \/>\nSehpa(YxGxD): 45cm x 130cm x90cm<br \/>\n\u0130kili Koltuk (YxGxD): 90cm x 130cm x 73cm<br \/>\nTekli Koltuk (YxGxD): 90cm x 70cm x 73cm<br \/>\nElektrostatik f\u0131r\u0131n boya uygulanmaktad\u0131r<br \/>\nMinderlerde su ve UV diren\u00e7li kuma\u015flar kullan\u0131lmaktad\u0131r<\/p>\n","protected":false},"excerpt":{"rendered":"<p>\u00dcst s\u0131n\u0131f tasar\u0131ma ve yap\u0131ya sahip Koda Oturma Grubu, ya\u015fam alan\u0131n\u0131za nezih bir etki b\u0131rakacak Ebatlar: Sehpa(YxGxD): 45cm x 130cm x90cm \u0130kili Koltuk (YxGxD): 90cm x 130cm x 73cm Tekli Koltuk (YxGxD): 90cm x 70cm x 73cm Elektrostatik f\u0131r\u0131n boya uygulanmaktad\u0131r Minderlerde su ve UV diren\u00e7li kuma\u015flar kullan\u0131lmaktad\u0131r<\/p>\n","protected":false},"featured_media":1365,"comment_status":"open","ping_status":"closed","template":"","meta":{"om_disable_all_campaigns":false,"_uag_custom_page_level_css":"","_monsterinsights_skip_tracking":false,"_monsterinsights_sitenote_active":false,"_monsterinsights_sitenote_note":"","_monsterinsights_sitenote_category":0,"site-sidebar-layout":"default","site-content-layout":"default","ast-site-content-layout":"default","site-content-style":"default","site-sidebar-style":"default","ast-global-header-display":"","ast-banner-title-visibility":"","ast-main-header-display":"","ast-hfb-above-header-display":"","ast-hfb-below-header-display":"","ast-hfb-mobile-header-display":"","site-post-title":"","ast-breadcrumbs-content":"","ast-featured-img":"","footer-sml-layout":"","ast-disable-related-posts":"","theme-transparent-header-meta":"default","adv-header-id-meta":"","stick-header-meta":"","header-above-stick-meta":"","header-main-stick-meta":"","header-below-stick-meta":"","astra-migrate-meta-layouts":"set","ast-page-background-enabled":"default","ast-page-background-meta":{"desktop":{"background-color":"var(--ast-global-color-4)","background-image":"","background-repeat":"repeat","background-position":"center center","background-size":"auto","background-attachment":"scroll","background-type":"","background-media":"","overlay-type":"","overlay-color":"","overlay-opacity":"","overlay-gradient":""},"tablet":{"background-color":"","background-image":"","background-repeat":"repeat","background-position":"center center","background-size":"auto","background-attachment":"scroll","background-type":"","background-media":"","overlay-type":"","overlay-color":"","overlay-opacity":"","overlay-gradient":""},"mobile":{"background-color":"","background-image":"","background-repeat":"repeat","background-position":"center center","background-size":"auto","background-attachment":"scroll","background-type":"","background-media":"","overlay-type":"","overlay-color":"","overlay-opacity":"","overlay-gradient":""}},"ast-content-background-meta":{"desktop":{"background-color":"var(--ast-global-color-5)","background-image":"","background-repeat":"repeat","background-position":"center center","background-size":"auto","background-attachment":"scroll","background-type":"","background-media":"","overlay-type":"","overlay-color":"","overlay-opacity":"","overlay-gradient":""},"tablet":{"background-color":"var(--ast-global-color-5)","background-image":"","background-repeat":"repeat","background-position":"center center","background-size":"auto","background-attachment":"scroll","background-type":"","background-media":"","overlay-type":"","overlay-color":"","overlay-opacity":"","overlay-gradient":""},"mobile":{"background-color":"var(--ast-global-color-5)","background-image":"","background-repeat":"repeat","background-position":"center center","background-size":"auto","background-attachment":"scroll","background-type":"","background-media":"","overlay-type":"","overlay-color":"","overlay-opacity":"","overlay-gradient":""}}},"product_brand":[],"product_cat":[46],"product_tag":[26,23,24,31,27,28,47,29,30,25],"class_list":{"0":"post-1362","1":"product","2":"type-product","3":"status-publish","4":"has-post-thumbnail","6":"product_cat-oturma-grubu","7":"product_tag-aluminyum","8":"product_tag-bahce","9":"product_tag-balkon","10":"product_tag-bistro","11":"product_tag-dokum","12":"product_tag-masa","13":"product_tag-oturma-grubu","14":"product_tag-sandalye","15":"product_tag-takim","16":"product_tag-teras","17":"desktop-align-left","18":"tablet-align-left","19":"mobile-align-left","21":"first","22":"instock","23":"taxable","24":"shipping-taxable","25":"purchasable","26":"product-type-simple"},"aioseo_notices":[],"uagb_featured_image_src":{"full":["https:\/\/gennhaus.com\/wp-content\/uploads\/2024\/01\/koda_set_main_1024.png",1024,1024,false],"thumbnail":["https:\/\/gennhaus.com\/wp-content\/uploads\/2024\/01\/koda_set_main_1024-150x150.png",150,150,true],"medium":["https:\/\/gennhaus.com\/wp-content\/uploads\/2024\/01\/koda_set_main_1024-300x300.png",300,300,true],"medium_large":["https:\/\/gennhaus.com\/wp-content\/uploads\/2024\/01\/koda_set_main_1024-768x768.png",768,768,true],"large":["https:\/\/gennhaus.com\/wp-content\/uploads\/2024\/01\/koda_set_main_1024.png",1024,1024,false],"1536x1536":["https:\/\/gennhaus.com\/wp-content\/uploads\/2024\/01\/koda_set_main_1024.png",1024,1024,false],"2048x2048":["https:\/\/gennhaus.com\/wp-content\/uploads\/2024\/01\/koda_set_main_1024.png",1024,1024,false],"woocommerce_thumbnail":["https:\/\/gennhaus.com\/wp-content\/uploads\/2024\/01\/koda_set_main_1024-300x300.png",300,300,true],"woocommerce_single":["https:\/\/gennhaus.com\/wp-content\/uploads\/2024\/01\/koda_set_main_1024-600x600.png",600,600,true],"woocommerce_gallery_thumbnail":["https:\/\/gennhaus.com\/wp-content\/uploads\/2024\/01\/koda_set_main_1024-100x100.png",100,100,true]},"uagb_author_info":{"display_name":"onurgm@gmail.com","author_link":"https:\/\/gennhaus.com\/?author=0"},"uagb_comment_info":0,"uagb_excerpt":"\u00dcst s\u0131n\u0131f tasar\u0131ma ve yap\u0131ya sahip Koda Oturma Grubu, ya\u015fam alan\u0131n\u0131za nezih bir etki b\u0131rakacak Ebatlar: Sehpa(YxGxD): 45cm x 130cm x90cm \u0130kili Koltuk (YxGxD): 90cm x 130cm x 73cm Tekli Koltuk (YxGxD): 90cm x 70cm x 73cm Elektrostatik f\u0131r\u0131n boya uygulanmaktad\u0131r Minderlerde su ve UV diren\u00e7li kuma\u015flar kullan\u0131lmaktad\u0131r","_links":{"self":[{"href":"https:\/\/gennhaus.com\/index.php?rest_route=\/wp\/v2\/product\/1362","targetHints":{"allow":["GET"]}}],"collection":[{"href":"https:\/\/gennhaus.com\/index.php?rest_route=\/wp\/v2\/product"}],"about":[{"href":"https:\/\/gennhaus.com\/index.php?rest_route=\/wp\/v2\/types\/product"}],"replies":[{"embeddable":true,"href":"https:\/\/gennhaus.com\/index.php?rest_route=%2Fwp%2Fv2%2Fcomments&post=1362"}],"wp:featuredmedia":[{"embeddable":true,"href":"https:\/\/gennhaus.com\/index.php?rest_route=\/wp\/v2\/media\/1365"}],"wp:attachment":[{"href":"https:\/\/gennhaus.com\/index.php?rest_route=%2Fwp%2Fv2%2Fmedia&parent=1362"}],"wp:term":[{"taxonomy":"product_brand","embeddable":true,"href":"https:\/\/gennhaus.com\/index.php?rest_route=%2Fwp%2Fv2%2Fproduct_brand&post=1362"},{"taxonomy":"product_cat","embeddable":true,"href":"https:\/\/gennhaus.com\/index.php?rest_route=%2Fwp%2Fv2%2Fproduct_cat&post=1362"},{"taxonomy":"product_tag","embeddable":true,"href":"https:\/\/gennhaus.com\/index.php?rest_route=%2Fwp%2Fv2%2Fproduct_tag&post=1362"}],"curies":[{"name":"wp","href":"https:\/\/api.w.org\/{rel}","templated":true}]}}