{"id":1377,"date":"2024-02-04T00:13:50","date_gmt":"2024-02-03T21:13:50","guid":{"rendered":"https:\/\/gennhaus.com\/?post_type=product&#038;p=1377"},"modified":"2026-04-15T10:11:41","modified_gmt":"2026-04-15T07:11:41","slug":"stern-aluminyum-fileli-sezlong-kademeli-sirt-pedli-baslikli","status":"publish","type":"product","link":"https:\/\/gennhaus.com\/?product=stern-aluminyum-fileli-sezlong-kademeli-sirt-pedli-baslikli","title":{"rendered":"Stern Al\u00fcminyum Fileli \u015eezlong Kademeli S\u0131rt, Pedli, Ba\u015fl\u0131kl\u0131"},"content":{"rendered":"<p>Stern \u015eezlong, y\u00fcksek konfor ve pratik kullan\u0131m sunmak i\u00e7in tasarlanm\u0131\u015ft\u0131r.<\/p>\n<p>Ba\u015fl\u0131k ve pedli yap\u0131s\u0131 ve \u00e7ok kademeli s\u0131rt ayar\u0131 sayesinde y\u00fcksek konforlu kullan\u0131m sunar<\/p>\n<p>Sezonluk kullan\u0131mlar\u0131n\u0131zda, sezon sonu katlanarak muhafaza edilebilir, yer kaplamaz.<\/p>\n<p>Havuz kenar\u0131, bah\u00e7e, balkon, teras, kamp gibi \u00e7ok geni\u015f kullan\u0131m alanlar\u0131na hitap eder.<\/p>\n<p>2mm Al\u00fcminyum \u0130skelet ve Textilen PVC&amp;Polyester File Kuma\u015f kullan\u0131lm\u0131\u015ft\u0131r.<\/p>\n<p>A\u011f\u0131rl\u0131k: 5,80Kg<\/p>\n","protected":false},"excerpt":{"rendered":"<p>Stern Katlan\u0131r Fileli Sandalye\/\u015eezlong. Havuz Kenar\u0131, Bah\u00e7e, Kamp gibi t\u00fcm d\u0131\u015f mekanlarda y\u00fcksek konfor i\u00e7in sunulmu\u015ftur. Hafif yap\u0131s\u0131 sayesinde kolay ta\u015f\u0131n\u0131r.<\/p>\n","protected":false},"featured_media":1442,"comment_status":"open","ping_status":"closed","template":"","meta":{"om_disable_all_campaigns":false,"_uag_custom_page_level_css":"","_monsterinsights_skip_tracking":false,"_monsterinsights_sitenote_active":false,"_monsterinsights_sitenote_note":"","_monsterinsights_sitenote_category":0,"site-sidebar-layout":"default","site-content-layout":"","ast-site-content-layout":"default","site-content-style":"default","site-sidebar-style":"default","ast-global-header-display":"","ast-banner-title-visibility":"","ast-main-header-display":"","ast-hfb-above-header-display":"","ast-hfb-below-header-display":"","ast-hfb-mobile-header-display":"","site-post-title":"","ast-breadcrumbs-content":"","ast-featured-img":"","footer-sml-layout":"","ast-disable-related-posts":"","theme-transparent-header-meta":"default","adv-header-id-meta":"","stick-header-meta":"","header-above-stick-meta":"","header-main-stick-meta":"","header-below-stick-meta":"","astra-migrate-meta-layouts":"set","ast-page-background-enabled":"default","ast-page-background-meta":{"desktop":{"background-color":"var(--ast-global-color-4)","background-image":"","background-repeat":"repeat","background-position":"center center","background-size":"auto","background-attachment":"scroll","background-type":"","background-media":"","overlay-type":"","overlay-color":"","overlay-opacity":"","overlay-gradient":""},"tablet":{"background-color":"","background-image":"","background-repeat":"repeat","background-position":"center center","background-size":"auto","background-attachment":"scroll","background-type":"","background-media":"","overlay-type":"","overlay-color":"","overlay-opacity":"","overlay-gradient":""},"mobile":{"background-color":"","background-image":"","background-repeat":"repeat","background-position":"center center","background-size":"auto","background-attachment":"scroll","background-type":"","background-media":"","overlay-type":"","overlay-color":"","overlay-opacity":"","overlay-gradient":""}},"ast-content-background-meta":{"desktop":{"background-color":"var(--ast-global-color-5)","background-image":"","background-repeat":"repeat","background-position":"center center","background-size":"auto","background-attachment":"scroll","background-type":"","background-media":"","overlay-type":"","overlay-color":"","overlay-opacity":"","overlay-gradient":""},"tablet":{"background-color":"var(--ast-global-color-5)","background-image":"","background-repeat":"repeat","background-position":"center center","background-size":"auto","background-attachment":"scroll","background-type":"","background-media":"","overlay-type":"","overlay-color":"","overlay-opacity":"","overlay-gradient":""},"mobile":{"background-color":"var(--ast-global-color-5)","background-image":"","background-repeat":"repeat","background-position":"center center","background-size":"auto","background-attachment":"scroll","background-type":"","background-media":"","overlay-type":"","overlay-color":"","overlay-opacity":"","overlay-gradient":""}}},"product_brand":[],"product_cat":[48],"product_tag":[26,23,24,51,54,71,50,55,70,53,52,25],"class_list":{"0":"post-1377","1":"product","2":"type-product","3":"status-publish","4":"has-post-thumbnail","6":"product_cat-sezlong","7":"product_tag-aluminyum","8":"product_tag-bahce","9":"product_tag-balkon","10":"product_tag-dis-mekan","11":"product_tag-fileli","12":"product_tag-guverte","13":"product_tag-havuz","14":"product_tag-kamp","15":"product_tag-karavan","16":"product_tag-katlanir","17":"product_tag-sezlong","18":"product_tag-teras","19":"desktop-align-left","20":"tablet-align-left","21":"mobile-align-left","23":"first","24":"instock","25":"sale","26":"featured","27":"taxable","28":"shipping-taxable","29":"purchasable","30":"product-type-variable","31":"has-default-attributes"},"aioseo_notices":[],"uagb_featured_image_src":{"full":["https:\/\/gennhaus.com\/wp-content\/uploads\/2024\/02\/stern_aluminyum_sezlong_cap_main.jpg",2000,1333,false],"thumbnail":["https:\/\/gennhaus.com\/wp-content\/uploads\/2024\/02\/stern_aluminyum_sezlong_cap_main-150x150.jpg",150,150,true],"medium":["https:\/\/gennhaus.com\/wp-content\/uploads\/2024\/02\/stern_aluminyum_sezlong_cap_main-300x200.jpg",300,200,true],"medium_large":["https:\/\/gennhaus.com\/wp-content\/uploads\/2024\/02\/stern_aluminyum_sezlong_cap_main-768x512.jpg",768,512,true],"large":["https:\/\/gennhaus.com\/wp-content\/uploads\/2024\/02\/stern_aluminyum_sezlong_cap_main-1024x682.jpg",1024,682,true],"1536x1536":["https:\/\/gennhaus.com\/wp-content\/uploads\/2024\/02\/stern_aluminyum_sezlong_cap_main-1536x1024.jpg",1536,1024,true],"2048x2048":["https:\/\/gennhaus.com\/wp-content\/uploads\/2024\/02\/stern_aluminyum_sezlong_cap_main.jpg",2000,1333,false],"woocommerce_thumbnail":["https:\/\/gennhaus.com\/wp-content\/uploads\/2024\/02\/stern_aluminyum_sezlong_cap_main-300x300.jpg",300,300,true],"woocommerce_single":["https:\/\/gennhaus.com\/wp-content\/uploads\/2024\/02\/stern_aluminyum_sezlong_cap_main-600x400.jpg",600,400,true],"woocommerce_gallery_thumbnail":["https:\/\/gennhaus.com\/wp-content\/uploads\/2024\/02\/stern_aluminyum_sezlong_cap_main-100x100.jpg",100,100,true]},"uagb_author_info":{"display_name":"onurgm@gmail.com","author_link":"https:\/\/gennhaus.com\/?author=0"},"uagb_comment_info":1,"uagb_excerpt":"Stern Katlan\u0131r Fileli Sandalye\/\u015eezlong. Havuz Kenar\u0131, Bah\u00e7e, Kamp gibi t\u00fcm d\u0131\u015f mekanlarda y\u00fcksek konfor i\u00e7in sunulmu\u015ftur. Hafif yap\u0131s\u0131 sayesinde kolay ta\u015f\u0131n\u0131r.","_links":{"self":[{"href":"https:\/\/gennhaus.com\/index.php?rest_route=\/wp\/v2\/product\/1377","targetHints":{"allow":["GET"]}}],"collection":[{"href":"https:\/\/gennhaus.com\/index.php?rest_route=\/wp\/v2\/product"}],"about":[{"href":"https:\/\/gennhaus.com\/index.php?rest_route=\/wp\/v2\/types\/product"}],"replies":[{"embeddable":true,"href":"https:\/\/gennhaus.com\/index.php?rest_route=%2Fwp%2Fv2%2Fcomments&post=1377"}],"wp:featuredmedia":[{"embeddable":true,"href":"https:\/\/gennhaus.com\/index.php?rest_route=\/wp\/v2\/media\/1442"}],"wp:attachment":[{"href":"https:\/\/gennhaus.com\/index.php?rest_route=%2Fwp%2Fv2%2Fmedia&parent=1377"}],"wp:term":[{"taxonomy":"product_brand","embeddable":true,"href":"https:\/\/gennhaus.com\/index.php?rest_route=%2Fwp%2Fv2%2Fproduct_brand&post=1377"},{"taxonomy":"product_cat","embeddable":true,"href":"https:\/\/gennhaus.com\/index.php?rest_route=%2Fwp%2Fv2%2Fproduct_cat&post=1377"},{"taxonomy":"product_tag","embeddable":true,"href":"https:\/\/gennhaus.com\/index.php?rest_route=%2Fwp%2Fv2%2Fproduct_tag&post=1377"}],"curies":[{"name":"wp","href":"https:\/\/api.w.org\/{rel}","templated":true}]}}