{"id":1383,"date":"2024-02-04T00:47:56","date_gmt":"2024-02-03T21:47:56","guid":{"rendered":"https:\/\/gennhaus.com\/?post_type=product&#038;p=1383"},"modified":"2026-04-02T10:35:29","modified_gmt":"2026-04-02T07:35:29","slug":"kal-bahce-oturma-grubu-311","status":"publish","type":"product","link":"https:\/\/gennhaus.com\/?product=kal-bahce-oturma-grubu-311","title":{"rendered":"Kal Bah\u00e7e Oturma Grubu 3+1+1"},"content":{"rendered":"<p>Kal Oturma Grubu, ya\u015fam alanlar\u0131n\u0131za sade ve nezih bir dokunu\u015f yapar.<\/p>\n<p>Y\u00fcksek al\u00fcminyum kalitesi, UV ve suya diren\u00e7li kuma\u015f ve minderleri ve \u0130roko detaylar\u0131 ile uzun kullan\u0131m \u00f6mr\u00fc sunar.<\/p>\n<p>\u00d6l\u00e7\u00fcler:<br \/>\nOturum Y\u00fcksekli\u011fi 45 cm<br \/>\nOturum Derinli\u011fi 60 cm<br \/>\nS\u0131rt Y\u00fcksekli\u011fi 70 cm<br \/>\nOturum Geni\u015fli\u011fi 60 cm<br \/>\nKanepe S\u0131rt Y\u00fcksekli\u011fi 180 cm<\/p>\n","protected":false},"excerpt":{"rendered":"<p>Kal Oturma Grubu, ya\u015fam alanlar\u0131n\u0131za sade ve nezih bir dokunu\u015f yapar. Y\u00fcksek al\u00fcminyum kalitesi, UV ve suya diren\u00e7li kuma\u015f ve minderleri ve \u0130roko detaylar\u0131 ile uzun kullan\u0131m \u00f6mr\u00fc sunar. \u00d6l\u00e7\u00fcler: Oturum Y\u00fcksekli\u011fi 45 cm Oturum Derinli\u011fi 60 cm S\u0131rt Y\u00fcksekli\u011fi 70 cm Oturum Geni\u015fli\u011fi 60 cm Kanepe S\u0131rt Y\u00fcksekli\u011fi 180 cm<\/p>\n","protected":false},"featured_media":1387,"comment_status":"open","ping_status":"closed","template":"","meta":{"om_disable_all_campaigns":false,"_uag_custom_page_level_css":"","_monsterinsights_skip_tracking":false,"_monsterinsights_sitenote_active":false,"_monsterinsights_sitenote_note":"","_monsterinsights_sitenote_category":0,"site-sidebar-layout":"default","site-content-layout":"","ast-site-content-layout":"default","site-content-style":"default","site-sidebar-style":"default","ast-global-header-display":"","ast-banner-title-visibility":"","ast-main-header-display":"","ast-hfb-above-header-display":"","ast-hfb-below-header-display":"","ast-hfb-mobile-header-display":"","site-post-title":"","ast-breadcrumbs-content":"","ast-featured-img":"","footer-sml-layout":"","ast-disable-related-posts":"","theme-transparent-header-meta":"default","adv-header-id-meta":"","stick-header-meta":"","header-above-stick-meta":"","header-main-stick-meta":"","header-below-stick-meta":"","astra-migrate-meta-layouts":"set","ast-page-background-enabled":"default","ast-page-background-meta":{"desktop":{"background-color":"var(--ast-global-color-4)","background-image":"","background-repeat":"repeat","background-position":"center center","background-size":"auto","background-attachment":"scroll","background-type":"","background-media":"","overlay-type":"","overlay-color":"","overlay-opacity":"","overlay-gradient":""},"tablet":{"background-color":"","background-image":"","background-repeat":"repeat","background-position":"center center","background-size":"auto","background-attachment":"scroll","background-type":"","background-media":"","overlay-type":"","overlay-color":"","overlay-opacity":"","overlay-gradient":""},"mobile":{"background-color":"","background-image":"","background-repeat":"repeat","background-position":"center center","background-size":"auto","background-attachment":"scroll","background-type":"","background-media":"","overlay-type":"","overlay-color":"","overlay-opacity":"","overlay-gradient":""}},"ast-content-background-meta":{"desktop":{"background-color":"var(--ast-global-color-5)","background-image":"","background-repeat":"repeat","background-position":"center center","background-size":"auto","background-attachment":"scroll","background-type":"","background-media":"","overlay-type":"","overlay-color":"","overlay-opacity":"","overlay-gradient":""},"tablet":{"background-color":"var(--ast-global-color-5)","background-image":"","background-repeat":"repeat","background-position":"center center","background-size":"auto","background-attachment":"scroll","background-type":"","background-media":"","overlay-type":"","overlay-color":"","overlay-opacity":"","overlay-gradient":""},"mobile":{"background-color":"var(--ast-global-color-5)","background-image":"","background-repeat":"repeat","background-position":"center center","background-size":"auto","background-attachment":"scroll","background-type":"","background-media":"","overlay-type":"","overlay-color":"","overlay-opacity":"","overlay-gradient":""}}},"product_brand":[],"product_cat":[46],"product_tag":[26,23,24,51,50,47,30,25],"class_list":{"0":"post-1383","1":"product","2":"type-product","3":"status-publish","4":"has-post-thumbnail","6":"product_cat-oturma-grubu","7":"product_tag-aluminyum","8":"product_tag-bahce","9":"product_tag-balkon","10":"product_tag-dis-mekan","11":"product_tag-havuz","12":"product_tag-oturma-grubu","13":"product_tag-takim","14":"product_tag-teras","15":"desktop-align-left","16":"tablet-align-left","17":"mobile-align-left","19":"first","20":"instock","21":"taxable","22":"shipping-taxable","23":"purchasable","24":"product-type-simple"},"aioseo_notices":[],"uagb_featured_image_src":{"full":["https:\/\/gennhaus.com\/wp-content\/uploads\/2024\/02\/enzo_bahce_oturma_grubu_main_1600.jpg",1600,1600,false],"thumbnail":["https:\/\/gennhaus.com\/wp-content\/uploads\/2024\/02\/enzo_bahce_oturma_grubu_main_1600-150x150.jpg",150,150,true],"medium":["https:\/\/gennhaus.com\/wp-content\/uploads\/2024\/02\/enzo_bahce_oturma_grubu_main_1600-300x300.jpg",300,300,true],"medium_large":["https:\/\/gennhaus.com\/wp-content\/uploads\/2024\/02\/enzo_bahce_oturma_grubu_main_1600-768x768.jpg",768,768,true],"large":["https:\/\/gennhaus.com\/wp-content\/uploads\/2024\/02\/enzo_bahce_oturma_grubu_main_1600-1024x1024.jpg",1024,1024,true],"1536x1536":["https:\/\/gennhaus.com\/wp-content\/uploads\/2024\/02\/enzo_bahce_oturma_grubu_main_1600-1536x1536.jpg",1536,1536,true],"2048x2048":["https:\/\/gennhaus.com\/wp-content\/uploads\/2024\/02\/enzo_bahce_oturma_grubu_main_1600.jpg",1600,1600,false],"woocommerce_thumbnail":["https:\/\/gennhaus.com\/wp-content\/uploads\/2024\/02\/enzo_bahce_oturma_grubu_main_1600-300x300.jpg",300,300,true],"woocommerce_single":["https:\/\/gennhaus.com\/wp-content\/uploads\/2024\/02\/enzo_bahce_oturma_grubu_main_1600-600x600.jpg",600,600,true],"woocommerce_gallery_thumbnail":["https:\/\/gennhaus.com\/wp-content\/uploads\/2024\/02\/enzo_bahce_oturma_grubu_main_1600-100x100.jpg",100,100,true]},"uagb_author_info":{"display_name":"onurgm@gmail.com","author_link":"https:\/\/gennhaus.com\/?author=0"},"uagb_comment_info":0,"uagb_excerpt":"Kal Oturma Grubu, ya\u015fam alanlar\u0131n\u0131za sade ve nezih bir dokunu\u015f yapar. Y\u00fcksek al\u00fcminyum kalitesi, UV ve suya diren\u00e7li kuma\u015f ve minderleri ve \u0130roko detaylar\u0131 ile uzun kullan\u0131m \u00f6mr\u00fc sunar. \u00d6l\u00e7\u00fcler: Oturum Y\u00fcksekli\u011fi 45 cm Oturum Derinli\u011fi 60 cm S\u0131rt Y\u00fcksekli\u011fi 70 cm Oturum Geni\u015fli\u011fi 60 cm Kanepe S\u0131rt Y\u00fcksekli\u011fi 180 cm","_links":{"self":[{"href":"https:\/\/gennhaus.com\/index.php?rest_route=\/wp\/v2\/product\/1383","targetHints":{"allow":["GET"]}}],"collection":[{"href":"https:\/\/gennhaus.com\/index.php?rest_route=\/wp\/v2\/product"}],"about":[{"href":"https:\/\/gennhaus.com\/index.php?rest_route=\/wp\/v2\/types\/product"}],"replies":[{"embeddable":true,"href":"https:\/\/gennhaus.com\/index.php?rest_route=%2Fwp%2Fv2%2Fcomments&post=1383"}],"wp:featuredmedia":[{"embeddable":true,"href":"https:\/\/gennhaus.com\/index.php?rest_route=\/wp\/v2\/media\/1387"}],"wp:attachment":[{"href":"https:\/\/gennhaus.com\/index.php?rest_route=%2Fwp%2Fv2%2Fmedia&parent=1383"}],"wp:term":[{"taxonomy":"product_brand","embeddable":true,"href":"https:\/\/gennhaus.com\/index.php?rest_route=%2Fwp%2Fv2%2Fproduct_brand&post=1383"},{"taxonomy":"product_cat","embeddable":true,"href":"https:\/\/gennhaus.com\/index.php?rest_route=%2Fwp%2Fv2%2Fproduct_cat&post=1383"},{"taxonomy":"product_tag","embeddable":true,"href":"https:\/\/gennhaus.com\/index.php?rest_route=%2Fwp%2Fv2%2Fproduct_tag&post=1383"}],"curies":[{"name":"wp","href":"https:\/\/api.w.org\/{rel}","templated":true}]}}