{"id":1484,"date":"2024-06-06T15:37:17","date_gmt":"2024-06-06T12:37:17","guid":{"rendered":"https:\/\/gennhaus.com\/?post_type=product&#038;p=1484"},"modified":"2026-04-02T10:30:59","modified_gmt":"2026-04-02T07:30:59","slug":"groove-basic-aluminyum-file-sezlong","status":"publish","type":"product","link":"https:\/\/gennhaus.com\/?product=groove-basic-aluminyum-file-sezlong","title":{"rendered":"Groove Basic Al\u00fcminyum File \u015eezlong"},"content":{"rendered":"","protected":false},"excerpt":{"rendered":"<p>Groove Al\u00fcminyum File \u015eezlong, hafif ve dayan\u0131kl\u0131d\u0131r, istiflenebilir yap\u0131s\u0131 sayesinde kolay ve keyifli kullan\u0131m sa\u011flar.<\/p>\n<p>100% Al\u00fcminyum, 2mm<br \/>\nPolyester Statik Toz Boya<br \/>\nTextilen PVC Alev Almaz File Kuma\u015f<\/p>\n","protected":false},"featured_media":1488,"comment_status":"open","ping_status":"closed","template":"","meta":{"om_disable_all_campaigns":false,"_uag_custom_page_level_css":"","_monsterinsights_skip_tracking":false,"_monsterinsights_sitenote_active":false,"_monsterinsights_sitenote_note":"","_monsterinsights_sitenote_category":0,"site-sidebar-layout":"default","site-content-layout":"","ast-site-content-layout":"default","site-content-style":"default","site-sidebar-style":"default","ast-global-header-display":"","ast-banner-title-visibility":"","ast-main-header-display":"","ast-hfb-above-header-display":"","ast-hfb-below-header-display":"","ast-hfb-mobile-header-display":"","site-post-title":"","ast-breadcrumbs-content":"","ast-featured-img":"","footer-sml-layout":"","ast-disable-related-posts":"","theme-transparent-header-meta":"default","adv-header-id-meta":"","stick-header-meta":"","header-above-stick-meta":"","header-main-stick-meta":"","header-below-stick-meta":"","astra-migrate-meta-layouts":"set","ast-page-background-enabled":"default","ast-page-background-meta":{"desktop":{"background-color":"var(--ast-global-color-4)","background-image":"","background-repeat":"repeat","background-position":"center center","background-size":"auto","background-attachment":"scroll","background-type":"","background-media":"","overlay-type":"","overlay-color":"","overlay-opacity":"","overlay-gradient":""},"tablet":{"background-color":"","background-image":"","background-repeat":"repeat","background-position":"center center","background-size":"auto","background-attachment":"scroll","background-type":"","background-media":"","overlay-type":"","overlay-color":"","overlay-opacity":"","overlay-gradient":""},"mobile":{"background-color":"","background-image":"","background-repeat":"repeat","background-position":"center center","background-size":"auto","background-attachment":"scroll","background-type":"","background-media":"","overlay-type":"","overlay-color":"","overlay-opacity":"","overlay-gradient":""}},"ast-content-background-meta":{"desktop":{"background-color":"var(--ast-global-color-5)","background-image":"","background-repeat":"repeat","background-position":"center center","background-size":"auto","background-attachment":"scroll","background-type":"","background-media":"","overlay-type":"","overlay-color":"","overlay-opacity":"","overlay-gradient":""},"tablet":{"background-color":"var(--ast-global-color-5)","background-image":"","background-repeat":"repeat","background-position":"center center","background-size":"auto","background-attachment":"scroll","background-type":"","background-media":"","overlay-type":"","overlay-color":"","overlay-opacity":"","overlay-gradient":""},"mobile":{"background-color":"var(--ast-global-color-5)","background-image":"","background-repeat":"repeat","background-position":"center center","background-size":"auto","background-attachment":"scroll","background-type":"","background-media":"","overlay-type":"","overlay-color":"","overlay-opacity":"","overlay-gradient":""}}},"product_brand":[],"product_cat":[48],"product_tag":[26,23,51,54,50,62,63,61,52,25],"class_list":{"0":"post-1484","1":"product","2":"type-product","3":"status-publish","4":"has-post-thumbnail","6":"product_cat-sezlong","7":"product_tag-aluminyum","8":"product_tag-bahce","9":"product_tag-dis-mekan","10":"product_tag-fileli","11":"product_tag-havuz","12":"product_tag-otel","13":"product_tag-pansiyon","14":"product_tag-sahil","15":"product_tag-sezlong","16":"product_tag-teras","17":"desktop-align-left","18":"tablet-align-left","19":"mobile-align-left","21":"first","22":"outofstock","23":"taxable","24":"shipping-taxable","25":"purchasable","26":"product-type-variable"},"aioseo_notices":[],"uagb_featured_image_src":{"full":["https:\/\/gennhaus.com\/wp-content\/uploads\/2024\/06\/groove_basic_file_sezlong_webmain_1080.png",1080,1080,false],"thumbnail":["https:\/\/gennhaus.com\/wp-content\/uploads\/2024\/06\/groove_basic_file_sezlong_webmain_1080-150x150.png",150,150,true],"medium":["https:\/\/gennhaus.com\/wp-content\/uploads\/2024\/06\/groove_basic_file_sezlong_webmain_1080-300x300.png",300,300,true],"medium_large":["https:\/\/gennhaus.com\/wp-content\/uploads\/2024\/06\/groove_basic_file_sezlong_webmain_1080-768x768.png",768,768,true],"large":["https:\/\/gennhaus.com\/wp-content\/uploads\/2024\/06\/groove_basic_file_sezlong_webmain_1080-1024x1024.png",1024,1024,true],"1536x1536":["https:\/\/gennhaus.com\/wp-content\/uploads\/2024\/06\/groove_basic_file_sezlong_webmain_1080.png",1080,1080,false],"2048x2048":["https:\/\/gennhaus.com\/wp-content\/uploads\/2024\/06\/groove_basic_file_sezlong_webmain_1080.png",1080,1080,false],"woocommerce_thumbnail":["https:\/\/gennhaus.com\/wp-content\/uploads\/2024\/06\/groove_basic_file_sezlong_webmain_1080-300x300.png",300,300,true],"woocommerce_single":["https:\/\/gennhaus.com\/wp-content\/uploads\/2024\/06\/groove_basic_file_sezlong_webmain_1080-600x600.png",600,600,true],"woocommerce_gallery_thumbnail":["https:\/\/gennhaus.com\/wp-content\/uploads\/2024\/06\/groove_basic_file_sezlong_webmain_1080-100x100.png",100,100,true]},"uagb_author_info":{"display_name":"onurgm@gmail.com","author_link":"https:\/\/gennhaus.com\/?author=0"},"uagb_comment_info":0,"uagb_excerpt":"Groove Al\u00fcminyum File \u015eezlong, hafif ve dayan\u0131kl\u0131d\u0131r, istiflenebilir yap\u0131s\u0131 sayesinde kolay ve keyifli kullan\u0131m sa\u011flar. 100% Al\u00fcminyum, 2mm Polyester Statik Toz Boya Textilen PVC Alev Almaz File Kuma\u015f","_links":{"self":[{"href":"https:\/\/gennhaus.com\/index.php?rest_route=\/wp\/v2\/product\/1484","targetHints":{"allow":["GET"]}}],"collection":[{"href":"https:\/\/gennhaus.com\/index.php?rest_route=\/wp\/v2\/product"}],"about":[{"href":"https:\/\/gennhaus.com\/index.php?rest_route=\/wp\/v2\/types\/product"}],"replies":[{"embeddable":true,"href":"https:\/\/gennhaus.com\/index.php?rest_route=%2Fwp%2Fv2%2Fcomments&post=1484"}],"wp:featuredmedia":[{"embeddable":true,"href":"https:\/\/gennhaus.com\/index.php?rest_route=\/wp\/v2\/media\/1488"}],"wp:attachment":[{"href":"https:\/\/gennhaus.com\/index.php?rest_route=%2Fwp%2Fv2%2Fmedia&parent=1484"}],"wp:term":[{"taxonomy":"product_brand","embeddable":true,"href":"https:\/\/gennhaus.com\/index.php?rest_route=%2Fwp%2Fv2%2Fproduct_brand&post=1484"},{"taxonomy":"product_cat","embeddable":true,"href":"https:\/\/gennhaus.com\/index.php?rest_route=%2Fwp%2Fv2%2Fproduct_cat&post=1484"},{"taxonomy":"product_tag","embeddable":true,"href":"https:\/\/gennhaus.com\/index.php?rest_route=%2Fwp%2Fv2%2Fproduct_tag&post=1484"}],"curies":[{"name":"wp","href":"https:\/\/api.w.org\/{rel}","templated":true}]}}