{"id":1530,"date":"2024-09-13T09:43:31","date_gmt":"2024-09-13T06:43:31","guid":{"rendered":"https:\/\/gennhaus.com\/?post_type=product&#038;p=1530"},"modified":"2024-09-13T11:19:12","modified_gmt":"2024-09-13T08:19:12","slug":"stan-aluminyum-iroko-70x70cm-kare-masa","status":"publish","type":"product","link":"https:\/\/gennhaus.com\/?product=stan-aluminyum-iroko-70x70cm-kare-masa","title":{"rendered":"Stan Al\u00fcminyum + Iroko 70x70cm Kare Masa"},"content":{"rendered":"","protected":false},"excerpt":{"rendered":"<p>Stan 70x70cm Kare Masa, \u0130roko tablas\u0131 ve %100 Al\u00fcminyum \u00e7er\u00e7eve ve ayaklar\u0131 ile t\u00fcm d\u0131\u015f mekan ihtiya\u00e7lar\u0131n\u0131z i\u00e7in sa\u011flaml\u0131k ve konfor sunar.<\/p>\n","protected":false},"featured_media":1531,"comment_status":"open","ping_status":"closed","template":"","meta":{"om_disable_all_campaigns":false,"_uag_custom_page_level_css":"","_monsterinsights_skip_tracking":false,"_monsterinsights_sitenote_active":false,"_monsterinsights_sitenote_note":"","_monsterinsights_sitenote_category":0,"site-sidebar-layout":"default","site-content-layout":"","ast-site-content-layout":"default","site-content-style":"default","site-sidebar-style":"default","ast-global-header-display":"","ast-banner-title-visibility":"","ast-main-header-display":"","ast-hfb-above-header-display":"","ast-hfb-below-header-display":"","ast-hfb-mobile-header-display":"","site-post-title":"","ast-breadcrumbs-content":"","ast-featured-img":"","footer-sml-layout":"","ast-disable-related-posts":"","theme-transparent-header-meta":"default","adv-header-id-meta":"","stick-header-meta":"","header-above-stick-meta":"","header-main-stick-meta":"","header-below-stick-meta":"","astra-migrate-meta-layouts":"set","ast-page-background-enabled":"default","ast-page-background-meta":{"desktop":{"background-color":"var(--ast-global-color-4)","background-image":"","background-repeat":"repeat","background-position":"center center","background-size":"auto","background-attachment":"scroll","background-type":"","background-media":"","overlay-type":"","overlay-color":"","overlay-opacity":"","overlay-gradient":""},"tablet":{"background-color":"","background-image":"","background-repeat":"repeat","background-position":"center center","background-size":"auto","background-attachment":"scroll","background-type":"","background-media":"","overlay-type":"","overlay-color":"","overlay-opacity":"","overlay-gradient":""},"mobile":{"background-color":"","background-image":"","background-repeat":"repeat","background-position":"center center","background-size":"auto","background-attachment":"scroll","background-type":"","background-media":"","overlay-type":"","overlay-color":"","overlay-opacity":"","overlay-gradient":""}},"ast-content-background-meta":{"desktop":{"background-color":"var(--ast-global-color-5)","background-image":"","background-repeat":"repeat","background-position":"center center","background-size":"auto","background-attachment":"scroll","background-type":"","background-media":"","overlay-type":"","overlay-color":"","overlay-opacity":"","overlay-gradient":""},"tablet":{"background-color":"var(--ast-global-color-5)","background-image":"","background-repeat":"repeat","background-position":"center center","background-size":"auto","background-attachment":"scroll","background-type":"","background-media":"","overlay-type":"","overlay-color":"","overlay-opacity":"","overlay-gradient":""},"mobile":{"background-color":"var(--ast-global-color-5)","background-image":"","background-repeat":"repeat","background-position":"center center","background-size":"auto","background-attachment":"scroll","background-type":"","background-media":"","overlay-type":"","overlay-color":"","overlay-opacity":"","overlay-gradient":""}}},"product_brand":[],"product_cat":[34],"product_tag":[26,23,24,31,57,51,27,50,28,58,30,25],"class_list":{"0":"post-1530","1":"product","2":"type-product","3":"status-publish","4":"has-post-thumbnail","6":"product_cat-masa","7":"product_tag-aluminyum","8":"product_tag-bahce","9":"product_tag-balkon","10":"product_tag-bistro","11":"product_tag-cafe","12":"product_tag-dis-mekan","13":"product_tag-dokum","14":"product_tag-havuz","15":"product_tag-masa","16":"product_tag-restaurant","17":"product_tag-takim","18":"product_tag-teras","19":"desktop-align-left","20":"tablet-align-left","21":"mobile-align-left","23":"first","24":"instock","25":"taxable","26":"shipping-taxable","27":"purchasable","28":"product-type-simple"},"aioseo_notices":[],"uagb_featured_image_src":{"full":["https:\/\/gennhaus.com\/wp-content\/uploads\/2024\/09\/stan_iroko_masa_70cm_main.png",1080,1080,false],"thumbnail":["https:\/\/gennhaus.com\/wp-content\/uploads\/2024\/09\/stan_iroko_masa_70cm_main-150x150.png",150,150,true],"medium":["https:\/\/gennhaus.com\/wp-content\/uploads\/2024\/09\/stan_iroko_masa_70cm_main-300x300.png",300,300,true],"medium_large":["https:\/\/gennhaus.com\/wp-content\/uploads\/2024\/09\/stan_iroko_masa_70cm_main-768x768.png",768,768,true],"large":["https:\/\/gennhaus.com\/wp-content\/uploads\/2024\/09\/stan_iroko_masa_70cm_main-1024x1024.png",1024,1024,true],"1536x1536":["https:\/\/gennhaus.com\/wp-content\/uploads\/2024\/09\/stan_iroko_masa_70cm_main.png",1080,1080,false],"2048x2048":["https:\/\/gennhaus.com\/wp-content\/uploads\/2024\/09\/stan_iroko_masa_70cm_main.png",1080,1080,false],"woocommerce_thumbnail":["https:\/\/gennhaus.com\/wp-content\/uploads\/2024\/09\/stan_iroko_masa_70cm_main-300x300.png",300,300,true],"woocommerce_single":["https:\/\/gennhaus.com\/wp-content\/uploads\/2024\/09\/stan_iroko_masa_70cm_main-600x600.png",600,600,true],"woocommerce_gallery_thumbnail":["https:\/\/gennhaus.com\/wp-content\/uploads\/2024\/09\/stan_iroko_masa_70cm_main-100x100.png",100,100,true]},"uagb_author_info":{"display_name":"onurgm@gmail.com","author_link":"https:\/\/gennhaus.com\/?author=0"},"uagb_comment_info":0,"uagb_excerpt":"Stan 70x70cm Kare Masa, \u0130roko tablas\u0131 ve %100 Al\u00fcminyum \u00e7er\u00e7eve ve ayaklar\u0131 ile t\u00fcm d\u0131\u015f mekan ihtiya\u00e7lar\u0131n\u0131z i\u00e7in sa\u011flaml\u0131k ve konfor sunar.","_links":{"self":[{"href":"https:\/\/gennhaus.com\/index.php?rest_route=\/wp\/v2\/product\/1530","targetHints":{"allow":["GET"]}}],"collection":[{"href":"https:\/\/gennhaus.com\/index.php?rest_route=\/wp\/v2\/product"}],"about":[{"href":"https:\/\/gennhaus.com\/index.php?rest_route=\/wp\/v2\/types\/product"}],"replies":[{"embeddable":true,"href":"https:\/\/gennhaus.com\/index.php?rest_route=%2Fwp%2Fv2%2Fcomments&post=1530"}],"wp:featuredmedia":[{"embeddable":true,"href":"https:\/\/gennhaus.com\/index.php?rest_route=\/wp\/v2\/media\/1531"}],"wp:attachment":[{"href":"https:\/\/gennhaus.com\/index.php?rest_route=%2Fwp%2Fv2%2Fmedia&parent=1530"}],"wp:term":[{"taxonomy":"product_brand","embeddable":true,"href":"https:\/\/gennhaus.com\/index.php?rest_route=%2Fwp%2Fv2%2Fproduct_brand&post=1530"},{"taxonomy":"product_cat","embeddable":true,"href":"https:\/\/gennhaus.com\/index.php?rest_route=%2Fwp%2Fv2%2Fproduct_cat&post=1530"},{"taxonomy":"product_tag","embeddable":true,"href":"https:\/\/gennhaus.com\/index.php?rest_route=%2Fwp%2Fv2%2Fproduct_tag&post=1530"}],"curies":[{"name":"wp","href":"https:\/\/api.w.org\/{rel}","templated":true}]}}